{"id":9,"date":"2025-09-25T06:54:03","date_gmt":"2025-09-25T06:54:03","guid":{"rendered":"https:\/\/beyond-pills.invictus-lead-generation.com\/?page_id=9"},"modified":"2025-09-25T06:54:18","modified_gmt":"2025-09-25T06:54:18","slug":"impressum","status":"publish","type":"page","link":"https:\/\/www.regenerativesupplements.store\/index.php\/impressum\/","title":{"rendered":"Impressum"},"content":{"rendered":"\n<h4 class=\"wp-block-heading\"><strong>Health beyond pills GmbH<\/strong><br>Schillingstra\u00dfe 14A\/2\/2<br>1220 Wien<br>\u00d6sterreich<\/h4>\n\n\n\n<p><strong>Unternehmensgegenstand:<\/strong><br>Entwicklung und Vertrieb von Gesundheits- und Nahrungserg\u00e4nzungsprodukten<\/p>\n\n\n\n<p><strong>Firmenbuchnummer:<\/strong>&nbsp;FN 527763y<\/p>\n\n\n\n<p><strong>Firmenbuchgericht:<\/strong>&nbsp;Handelsgericht Wien<\/p>\n\n\n\n<p><strong>UID-Nummer:<\/strong>&nbsp;ATU75212707<\/p>\n\n\n\n<p><strong>Rechtsform:<\/strong>&nbsp;Gesellschaft mit beschr\u00e4nkter Haftung (GmbH)<\/p>\n\n\n\n<p><strong>Gesch\u00e4ftsf\u00fchrer:<\/strong>&nbsp;Patrick Hofmanninger<\/p>\n\n\n\n<p><strong>Telefon:<\/strong>&nbsp;+43 1 369 17 43<\/p>\n\n\n\n<p><strong>E-Mail:<\/strong>&nbsp;<a href=\"mailto:info@beyond-pills.com\">info@beyond-pills.com<\/a><\/p>\n\n\n\n<p><strong>Web:<\/strong>&nbsp;<a href=\"https:\/\/beyond-pills.com\/\" target=\"_blank\" rel=\"noreferrer noopener\">https:\/\/beyond-pills.com<\/a><\/p>\n\n\n\n<p><strong>Bankverbindung:<\/strong><br>Bank f\u00fcr Tirol und Vorarlberg AG<br>IBAN: AT59 1632 0001 3221 9648<br>BIC: BTVAAT22XXX<\/p>\n\n\n\n<p><strong>Mitglied der:<\/strong>&nbsp;Wirtschaftskammer Wien<\/p>\n\n\n\n<p><strong>Zust\u00e4ndige Aufsichtsbeh\u00f6rde:<\/strong>&nbsp;Magistratisches Bezirksamt f\u00fcr den 22. Bezirk<\/p>\n\n\n\n<p><strong>Haftungsausschluss:<\/strong><br>Trotz sorgf\u00e4ltiger inhaltlicher Kontrolle \u00fcbernehmen wir keine Haftung f\u00fcr die Inhalte externer Links. F\u00fcr den Inhalt der verlinkten Seiten sind ausschlie\u00dflich deren Betreiber verantwortlich.<\/p>\n\n\n\n<p><strong>Urheberrecht:<\/strong><br>Alle Inhalte dieser Webseite sind urheberrechtlich gesch\u00fctzt. Die Verwendung von Texten, Bildern oder anderen Inhalten bedarf der ausdr\u00fccklichen schriftlichen Zustimmung der Health beyond pills GmbH.<\/p>\n","protected":false},"excerpt":{"rendered":"<p>Health beyond pills GmbHSchillingstra\u00dfe 14A\/2\/21220 Wien\u00d6sterreich Unternehmensgegenstand:Entwicklung und Vertrieb von Gesundheits- und Nahrungserg\u00e4nzungsprodukten Firmenbuchnummer:&nbsp;FN 527763y Firmenbuchgericht:&nbsp;Handelsgericht Wien UID-Nummer:&nbsp;ATU75212707 Rechtsform:&nbsp;Gesellschaft mit beschr\u00e4nkter Haftung (GmbH) Gesch\u00e4ftsf\u00fchrer:&nbsp;Patrick Hofmanninger Telefon:&nbsp;+43 1 369 17 43 E-Mail:&nbsp;info@beyond-pills.com Web:&nbsp;https:\/\/beyond-pills.com Bankverbindung:Bank f\u00fcr Tirol und Vorarlberg AGIBAN: AT59 1632 0001 3221 9648BIC: BTVAAT22XXX Mitglied der:&nbsp;Wirtschaftskammer Wien Zust\u00e4ndige Aufsichtsbeh\u00f6rde:&nbsp;Magistratisches Bezirksamt f\u00fcr den 22. Bezirk Haftungsausschluss:Trotz [&hellip;]<\/p>\n","protected":false},"author":1,"featured_media":0,"parent":0,"menu_order":0,"comment_status":"closed","ping_status":"closed","template":"","meta":{"footnotes":""},"class_list":["post-9","page","type-page","status-publish","hentry"],"_links":{"self":[{"href":"https:\/\/www.regenerativesupplements.store\/index.php\/wp-json\/wp\/v2\/pages\/9","targetHints":{"allow":["GET"]}}],"collection":[{"href":"https:\/\/www.regenerativesupplements.store\/index.php\/wp-json\/wp\/v2\/pages"}],"about":[{"href":"https:\/\/www.regenerativesupplements.store\/index.php\/wp-json\/wp\/v2\/types\/page"}],"author":[{"embeddable":true,"href":"https:\/\/www.regenerativesupplements.store\/index.php\/wp-json\/wp\/v2\/users\/1"}],"replies":[{"embeddable":true,"href":"https:\/\/www.regenerativesupplements.store\/index.php\/wp-json\/wp\/v2\/comments?post=9"}],"version-history":[{"count":2,"href":"https:\/\/www.regenerativesupplements.store\/index.php\/wp-json\/wp\/v2\/pages\/9\/revisions"}],"predecessor-version":[{"id":11,"href":"https:\/\/www.regenerativesupplements.store\/index.php\/wp-json\/wp\/v2\/pages\/9\/revisions\/11"}],"wp:attachment":[{"href":"https:\/\/www.regenerativesupplements.store\/index.php\/wp-json\/wp\/v2\/media?parent=9"}],"curies":[{"name":"wp","href":"https:\/\/api.w.org\/{rel}","templated":true}]}}